{"id":34565,"date":"2025-05-13T15:23:34","date_gmt":"2025-05-13T08:23:34","guid":{"rendered":"https:\/\/merperledalat.vn\/awards-recognitions\/"},"modified":"2025-05-13T15:23:38","modified_gmt":"2025-05-13T08:23:38","slug":"awards-recognitions","status":"publish","type":"page","link":"https:\/\/merperledalat.vn\/en\/awards-recognitions\/","title":{"rendered":"AWARDS &#038; RECOGNITIONS"},"content":{"rendered":"\t\t<div data-elementor-type=\"wp-page\" data-elementor-id=\"34565\" class=\"elementor elementor-34565 elementor-34347\" data-elementor-post-type=\"page\">\n\t\t\t\t<div class=\"elementor-element elementor-element-512e594 e-flex e-con-boxed e-con e-parent\" data-id=\"512e594\" data-element_type=\"container\">\n\t\t\t\t\t<div class=\"e-con-inner\">\n\t\t<div class=\"elementor-element elementor-element-55897a4 e-grid e-con-full e-con e-child\" data-id=\"55897a4\" data-element_type=\"container\">\n\t\t<div class=\"elementor-element elementor-element-8842f11 e-con-full e-flex e-con e-child\" data-id=\"8842f11\" data-element_type=\"container\">\n\t\t\t\t<div class=\"elementor-element elementor-element-84e6feb elementor-widget__width-initial elementor-widget-tablet__width-initial elementor-widget elementor-widget-text-editor\" data-id=\"84e6feb\" data-element_type=\"widget\" data-widget_type=\"text-editor.default\">\n\t\t\t\t<div class=\"elementor-widget-container\">\n\t\t\t\t\t\t\t\t\t<p>Committed to excellence in order to create value for our stakeholders<\/p>\n\t\t\t\t\t\t\t\t<\/div>\n\t\t\t\t<\/div>\n\t\t\t\t<\/div>\n\t\t<div class=\"elementor-element elementor-element-a2a6ab5 e-con-full e-flex e-con e-child\" data-id=\"a2a6ab5\" data-element_type=\"container\" data-settings=\"{&quot;background_background&quot;:&quot;classic&quot;}\">\n\t\t\t\t<\/div>\n\t\t\t\t<\/div>\n\t\t\t\t\t<\/div>\n\t\t\t\t<\/div>\n\t\t<div class=\"elementor-element elementor-element-1c18be3 e-con-full e-flex e-con e-child\" data-id=\"1c18be3\" data-element_type=\"container\" data-settings=\"{&quot;background_background&quot;:&quot;classic&quot;}\">\n\t\t<div class=\"elementor-element elementor-element-ce2ad33 e-con-full e-flex e-con e-child\" data-id=\"ce2ad33\" data-element_type=\"container\">\n\t\t\t\t<div class=\"elementor-element elementor-element-67e7016 elementor-widget__width-initial page-link-hover elementor-widget elementor-widget-heading\" data-id=\"67e7016\" data-element_type=\"widget\" data-widget_type=\"heading.default\">\n\t\t\t\t<div class=\"elementor-widget-container\">\n\t\t\t\t\t<div class=\"elementor-heading-title elementor-size-default\"><a href=\"https:\/\/merperledalat.vn\/en\/about-us\/\">ABOUT US<\/a><\/div>\t\t\t\t<\/div>\n\t\t\t\t<\/div>\n\t\t\t\t<div class=\"elementor-element elementor-element-72ff4db elementor-widget__width-initial page-link-hover elementor-widget elementor-widget-heading\" data-id=\"72ff4db\" data-element_type=\"widget\" data-widget_type=\"heading.default\">\n\t\t\t\t<div class=\"elementor-widget-container\">\n\t\t\t\t\t<div class=\"elementor-heading-title elementor-size-default\"><a href=\"https:\/\/merperledalat.vn\/en\/our-brands-en\/\">OUR  BRANDS<\/a><\/div>\t\t\t\t<\/div>\n\t\t\t\t<\/div>\n\t\t\t\t<div class=\"elementor-element elementor-element-6e5572f elementor-widget__width-initial page-link-hover elementor-widget elementor-widget-heading\" data-id=\"6e5572f\" data-element_type=\"widget\" data-widget_type=\"heading.default\">\n\t\t\t\t<div class=\"elementor-widget-container\">\n\t\t\t\t\t<div class=\"elementor-heading-title elementor-size-default\"><a href=\"https:\/\/merperledalat.vn\/en\/trach-nhiem-doanh-nghiep-en\/\">REPUTATION & SUSTAINABILITY<\/a><\/div>\t\t\t\t<\/div>\n\t\t\t\t<\/div>\n\t\t\t\t<div class=\"elementor-element elementor-element-ac24e36 elementor-widget__width-initial page-link-hover elementor-widget elementor-widget-heading\" data-id=\"ac24e36\" data-element_type=\"widget\" data-widget_type=\"heading.default\">\n\t\t\t\t<div class=\"elementor-widget-container\">\n\t\t\t\t\t<div class=\"elementor-heading-title elementor-size-default\"><a href=\"https:\/\/merperledalat.vn\/en\/elementor-34511 elementor-33887\/\">CASE STUDIES<\/a><\/div>\t\t\t\t<\/div>\n\t\t\t\t<\/div>\n\t\t\t\t<\/div>\n\t\t\t\t<\/div>\n\t\t<div class=\"elementor-element elementor-element-23ab13d e-con-full e-flex e-con e-child\" data-id=\"23ab13d\" data-element_type=\"container\" data-settings=\"{&quot;background_background&quot;:&quot;classic&quot;}\">\n\t\t\t\t<div class=\"elementor-element elementor-element-c2dcab2 elementor-widget__width-initial elementor-widget elementor-widget-heading\" data-id=\"c2dcab2\" data-element_type=\"widget\" data-widget_type=\"heading.default\">\n\t\t\t\t<div class=\"elementor-widget-container\">\n\t\t\t\t\t<div class=\"elementor-heading-title elementor-size-default\">AWARDS & RECOGNITIONS<\/div>\t\t\t\t<\/div>\n\t\t\t\t<\/div>\n\t\t<div class=\"elementor-element elementor-element-90a3f2e e-flex e-con-boxed e-con e-child\" data-id=\"90a3f2e\" data-element_type=\"container\">\n\t\t\t\t\t<div class=\"e-con-inner\">\n\t\t\t\t<div class=\"elementor-element elementor-element-25af7ce elementor-widget elementor-widget-text-editor\" data-id=\"25af7ce\" data-element_type=\"widget\" data-widget_type=\"text-editor.default\">\n\t\t\t\t<div class=\"elementor-widget-container\">\n\t\t\t\t\t\t\t\t\t<p>Our reputation reinforces our core values and strengthens our leadership in the hospitality industry.<\/p>\n\t\t\t\t\t\t\t\t<\/div>\n\t\t\t\t<\/div>\n\t\t\t\t\t<\/div>\n\t\t\t\t<\/div>\n\t\t\t\t<\/div>\n\t\t<div class=\"elementor-element elementor-element-0cad302 e-flex e-con-boxed e-con e-parent\" data-id=\"0cad302\" data-element_type=\"container\">\n\t\t\t\t\t<div class=\"e-con-inner\">\n\t\t\t\t<div class=\"elementor-element elementor-element-3758cfa bdt-image-match-height-desktop--yes bdt-image-match-height-tablet--yes bdt-image-match-height-mobile--yes elementor-widget elementor-widget-prime-slider-isolate\" data-id=\"3758cfa\" data-element_type=\"widget\" data-widget_type=\"prime-slider-isolate.default\">\n\t\t\t\t<div class=\"elementor-widget-container\">\n\t\t\t\t\t\t\t<div class=\"bdt-prime-slider\">\n\t\t\t<div class=\"bdt-prime-slider-skin-isolate content-position-inherit content-position-column\" data-bdt-lightbox=\"toggle: .bdt-slide-play-button&gt;a; animation: slide; video-autoplay: true;\">\n\t\t\t\t<div class=\"bdt-position-relative bdt-visible-toggle\" data-settings=\"{&quot;id&quot;:&quot;#bdt-3758cfa&quot;,&quot;animation_status&quot;:&quot;no&quot;}\" id=\"bdt-3758cfa\" bdt-slideshow=\"{&quot;animation&quot;:&quot;fade&quot;,&quot;ratio&quot;:&quot;16:9&quot;,&quot;min-height&quot;:&quot;600&quot;,&quot;autoplay&quot;:true,&quot;autoplay-interval&quot;:5000,&quot;pause-on-hover&quot;:false,&quot;velocity&quot;:1,&quot;finite&quot;:false}\">\n\t\t\t\t\t<ul class=\"bdt-slideshow-items\">\n\t\t\t\t\t\t         \n        <li class=\"bdt-slideshow-item bdt-flex bdt-flex-column bdt-flex-middle elementor-repeater-item-44373f2 \">\n            <div class=\"bdt-width-1-1 bdt-width-1-2@s\">\n                        <div class=\"bdt-slideshow-content-wrapper\">\n            <div class=\"bdt-prime-slider-wrapper\">\n                <div class=\"bdt-prime-slider-content\">\n                    <div class=\"bdt-prime-slider-desc bdt-flex bdt-flex-column\">\n\n                        \n                                                    <div class=\"bdt-main-title\">\n                                <h1 class=\"bdt-title-tag\" data-reveal=\"reveal-active\" data-bdt-slideshow-parallax=\"y: 50,0,-50; opacity: 1,1,0\">\n                                                                            <span class=\"frist-word\">Agoda<\/span>                                                                         <\/h1>\n                            <\/div>\n                        \n                                                    <div class=\"bdt-slider-excerpt\" data-reveal=\"reveal-active\" data-bdt-slideshow-parallax=\"y: 100,0,-80; opacity: 1,1,0\">\n                                <p>MerPerle Dalat Hotel vinh d\u1ef1 \u0111\u01b0\u1ee3c Agoda trao t\u1eb7ng gi\u1ea3i th\u01b0\u1edfng Customer Review Award v\u1edbi s\u1ed1 \u0111i\u1ec3m 9.0 tuy\u1ec7t \u0111\u1ed1i. Gi\u1ea3i th\u01b0\u1edfng n\u00e0y l\u00e0 minh ch\u1ee9ng cho cam k\u1ebft c\u1ee7a ch\u00fang t\u00f4i trong vi\u1ec7c mang \u0111\u1ebfn d\u1ecbch v\u1ee5 \u0111\u1eb3ng c\u1ea5p v\u00e0 tr\u1ea3i nghi\u1ec7m ho\u00e0n h\u1ea3o cho t\u1eebng kh\u00e1ch h\u00e0ng. Ch\u00e2n th\u00e0nh tri \u00e2n s\u1ef1 tin y\u00eau v\u00e0 \u0111\u1ed3ng h\u00e0nh c\u1ee7a Qu\u00fd kh\u00e1ch!<\/p>                            <\/div>\n                        \n                        <div class=\"bdt-isolate-btn\" data-reveal=\"reveal-active\" data-bdt-slideshow-parallax=\"y: 150,0,-100; opacity: 1,1,0\">\n                                                    <\/div>\n\n                    <\/div>\n\n                <\/div>\n            <\/div>\n        <\/div>\n\n                    <\/div>\n            <div class=\"bdt-width-1-1 bdt-width-1-2@s bdt-match-height\">\n                <div class=\"bdt-position-relative bdt-slide-overlay\" data-reveal=\"reveal-active\">\n                                            <div class=\"bdt-position-cover bdt-animation-kenburns bdt-transform-origin-center-left\">\n                        \n                        <img fetchpriority=\"high\" decoding=\"async\" width=\"2560\" height=\"1922\" src=\"https:\/\/merperledalat.vn\/wp-content\/uploads\/2025\/05\/Agoda-scaled.jpg\" class=\"attachment-full size-full\" alt=\"Agoda\" srcset=\"https:\/\/merperledalat.vn\/wp-content\/uploads\/2025\/05\/Agoda-scaled.jpg 2560w, https:\/\/merperledalat.vn\/wp-content\/uploads\/2025\/05\/Agoda-300x225.jpg 300w, https:\/\/merperledalat.vn\/wp-content\/uploads\/2025\/05\/Agoda-1024x769.jpg 1024w, https:\/\/merperledalat.vn\/wp-content\/uploads\/2025\/05\/Agoda-768x577.jpg 768w, https:\/\/merperledalat.vn\/wp-content\/uploads\/2025\/05\/Agoda-1536x1153.jpg 1536w, https:\/\/merperledalat.vn\/wp-content\/uploads\/2025\/05\/Agoda-2048x1537.jpg 2048w, https:\/\/merperledalat.vn\/wp-content\/uploads\/2025\/05\/Agoda-600x450.jpg 600w\" sizes=\"(max-width: 2560px) 100vw, 2560px\" \/>\n                                                <\/div>\n                    \n                                    <\/div>\n            <\/div>\n                    <\/li>\n\n\t             \n        <li class=\"bdt-slideshow-item bdt-flex bdt-flex-column bdt-flex-middle elementor-repeater-item-100679b \">\n            <div class=\"bdt-width-1-1 bdt-width-1-2@s\">\n                        <div class=\"bdt-slideshow-content-wrapper\">\n            <div class=\"bdt-prime-slider-wrapper\">\n                <div class=\"bdt-prime-slider-content\">\n                    <div class=\"bdt-prime-slider-desc bdt-flex bdt-flex-column\">\n\n                        \n                                                    <div class=\"bdt-main-title\">\n                                <h1 class=\"bdt-title-tag\" data-reveal=\"reveal-active\" data-bdt-slideshow-parallax=\"y: 50,0,-50; opacity: 1,1,0\">\n                                                                            <span class=\"frist-word\">Traveloka<\/span>                                                                         <\/h1>\n                            <\/div>\n                        \n                                                    <div class=\"bdt-slider-excerpt\" data-reveal=\"reveal-active\" data-bdt-slideshow-parallax=\"y: 100,0,-80; opacity: 1,1,0\">\n                                <p>MerPerle Dalat Hotel vinh d\u1ef1 nh\u1eadn \u0111\u01b0\u1ee3c <strong data-start=\"1408\" data-end=\"1461\">gi\u1ea3i th\u01b0\u1edfng Traveloka Customer Review Awards 2024<\/strong> v\u1edbi s\u1ed1 \u0111i\u1ec3m \u1ea5n t\u01b0\u1ee3ng <strong data-start=\"1483\" data-end=\"1493\">9.1<\/strong>, d\u1ef1a tr\u00ean h\u00e0ng ng\u00e0n \u0111\u00e1nh gi\u00e1 th\u1ef1c t\u1ebf t\u1eeb kh\u00e1ch h\u00e0ng \u0111\u00e3 l\u01b0u tr\u00fa<\/p><p>\u00a0<\/p><p>\u0110\u00e2y kh\u00f4ng ch\u1ec9 l\u00e0 minh ch\u1ee9ng cho ch\u1ea5t l\u01b0\u1ee3ng d\u1ecbch v\u1ee5 v\u01b0\u1ee3t tr\u1ed9i, m\u00e0 c\u00f2n l\u00e0 l\u1eddi kh\u1eb3ng \u0111\u1ecbnh cho s\u1ef1 t\u1eadn t\u00e2m v\u00e0 n\u1ed7 l\u1ef1c kh\u00f4ng ng\u1eebng ngh\u1ec9 c\u1ee7a to\u00e0n th\u1ec3 \u0111\u1ed9i ng\u0169 kh\u00e1ch s\u1ea1n trong vi\u1ec7c mang \u0111\u1ebfn tr\u1ea3i nghi\u1ec7m ho\u00e0n h\u1ea3o cho t\u1eebng kh\u00e1ch h\u00e0ng<\/p>                            <\/div>\n                        \n                        <div class=\"bdt-isolate-btn\" data-reveal=\"reveal-active\" data-bdt-slideshow-parallax=\"y: 150,0,-100; opacity: 1,1,0\">\n                                                    <\/div>\n\n                    <\/div>\n\n                <\/div>\n            <\/div>\n        <\/div>\n\n                    <\/div>\n            <div class=\"bdt-width-1-1 bdt-width-1-2@s bdt-match-height\">\n                <div class=\"bdt-position-relative bdt-slide-overlay\" data-reveal=\"reveal-active\">\n                                            <div class=\"bdt-position-cover bdt-animation-kenburns bdt-transform-origin-center-left\">\n                        \n                        <img decoding=\"async\" width=\"1922\" height=\"2560\" src=\"https:\/\/merperledalat.vn\/wp-content\/uploads\/2025\/05\/IMG_2009-scaled.jpg\" class=\"attachment-full size-full\" alt=\"Traveloka\" srcset=\"https:\/\/merperledalat.vn\/wp-content\/uploads\/2025\/05\/IMG_2009-scaled.jpg 1922w, https:\/\/merperledalat.vn\/wp-content\/uploads\/2025\/05\/IMG_2009-225x300.jpg 225w, https:\/\/merperledalat.vn\/wp-content\/uploads\/2025\/05\/IMG_2009-769x1024.jpg 769w, https:\/\/merperledalat.vn\/wp-content\/uploads\/2025\/05\/IMG_2009-768x1023.jpg 768w, https:\/\/merperledalat.vn\/wp-content\/uploads\/2025\/05\/IMG_2009-1153x1536.jpg 1153w, https:\/\/merperledalat.vn\/wp-content\/uploads\/2025\/05\/IMG_2009-1538x2048.jpg 1538w, https:\/\/merperledalat.vn\/wp-content\/uploads\/2025\/05\/IMG_2009-600x799.jpg 600w\" sizes=\"(max-width: 1922px) 100vw, 1922px\" \/>\n                                                <\/div>\n                    \n                                    <\/div>\n            <\/div>\n                    <\/li>\n\n\t             \n        <li class=\"bdt-slideshow-item bdt-flex bdt-flex-column bdt-flex-middle elementor-repeater-item-b8d4a5d \">\n            <div class=\"bdt-width-1-1 bdt-width-1-2@s\">\n                        <div class=\"bdt-slideshow-content-wrapper\">\n            <div class=\"bdt-prime-slider-wrapper\">\n                <div class=\"bdt-prime-slider-content\">\n                    <div class=\"bdt-prime-slider-desc bdt-flex bdt-flex-column\">\n\n                        \n                                                    <div class=\"bdt-main-title\">\n                                <h1 class=\"bdt-title-tag\" data-reveal=\"reveal-active\" data-bdt-slideshow-parallax=\"y: 50,0,-50; opacity: 1,1,0\">\n                                                                            <span class=\"frist-word\">Hotlist<\/span> 2024                                                                        <\/h1>\n                            <\/div>\n                        \n                                                    <div class=\"bdt-slider-excerpt\" data-reveal=\"reveal-active\" data-bdt-slideshow-parallax=\"y: 100,0,-80; opacity: 1,1,0\">\n                                <p>MerPerle Dalat Hotel t\u1ef1 h\u00e0o \u0111\u01b0\u1ee3c vinh danh t\u1ea1i <strong data-start=\"1492\" data-end=\"1512\">OP Choice Awards<\/strong> v\u1edbi danh hi\u1ec7u <strong data-start=\"1527\" data-end=\"1557\">Hotel &amp; Resort for Wedding<\/strong>, ghi nh\u1eadn l\u00e0 \u0111i\u1ec3m \u0111\u1ebfn l\u00fd t\u01b0\u1edfng cho c\u00e1c c\u1eb7p \u0111\u00f4i t\u1ed5 ch\u1ee9c l\u1ec5 c\u01b0\u1edbi v\u00e0 tu\u1ea7n tr\u0103ng m\u1eadt \u0111\u00e1ng nh\u1edb<\/p><p>\u00a0<\/p><p>V\u1edbi kh\u00f4ng gian sang tr\u1ecdng gi\u1eefa thi\u00ean nhi\u00ean \u0110\u00e0 L\u1ea1t th\u01a1 m\u1ed9ng c\u00f9ng d\u1ecbch v\u1ee5 t\u1ed5 ch\u1ee9c s\u1ef1 ki\u1ec7n chuy\u00ean nghi\u1ec7p, ch\u00fang t\u00f4i \u0111\u00e3 v\u00e0 \u0111ang l\u00e0 l\u1ef1a ch\u1ecdn h\u00e0ng \u0111\u1ea7u c\u1ee7a nh\u1eefng ai mong mu\u1ed1n ng\u00e0y tr\u1ecdng \u0111\u1ea1i tr\u1edf n\u00ean ho\u00e0n h\u1ea3o<\/p>                            <\/div>\n                        \n                        <div class=\"bdt-isolate-btn\" data-reveal=\"reveal-active\" data-bdt-slideshow-parallax=\"y: 150,0,-100; opacity: 1,1,0\">\n                                                    <\/div>\n\n                    <\/div>\n\n                <\/div>\n            <\/div>\n        <\/div>\n\n                    <\/div>\n            <div class=\"bdt-width-1-1 bdt-width-1-2@s bdt-match-height\">\n                <div class=\"bdt-position-relative bdt-slide-overlay\" data-reveal=\"reveal-active\">\n                                            <div class=\"bdt-position-cover bdt-animation-kenburns bdt-transform-origin-center-left\">\n                        \n                        <img decoding=\"async\" width=\"1922\" height=\"2560\" src=\"https:\/\/merperledalat.vn\/wp-content\/uploads\/2025\/05\/IMG_2011-scaled.jpg\" class=\"attachment-full size-full\" alt=\"Hotlist 2024\" srcset=\"https:\/\/merperledalat.vn\/wp-content\/uploads\/2025\/05\/IMG_2011-scaled.jpg 1922w, https:\/\/merperledalat.vn\/wp-content\/uploads\/2025\/05\/IMG_2011-225x300.jpg 225w, https:\/\/merperledalat.vn\/wp-content\/uploads\/2025\/05\/IMG_2011-769x1024.jpg 769w, https:\/\/merperledalat.vn\/wp-content\/uploads\/2025\/05\/IMG_2011-768x1023.jpg 768w, https:\/\/merperledalat.vn\/wp-content\/uploads\/2025\/05\/IMG_2011-1153x1536.jpg 1153w, https:\/\/merperledalat.vn\/wp-content\/uploads\/2025\/05\/IMG_2011-1538x2048.jpg 1538w, https:\/\/merperledalat.vn\/wp-content\/uploads\/2025\/05\/IMG_2011-600x799.jpg 600w\" sizes=\"(max-width: 1922px) 100vw, 1922px\" \/>\n                                                <\/div>\n                    \n                                    <\/div>\n            <\/div>\n                    <\/li>\n\n\t    \n\t\t\t\t\t<\/ul>\n\n\t\t\t\t\t\n                            <div class=\"bdt-flex bdt-flex-column bdt-navigation-arrows reveal-muted\">\n                    <div class=\"bdt-width-expand@s\">\n                    <\/div>\n                    <div class=\"bdt-width-1-1 bdt-width-1-2@s\">\n                        <a class=\"bdt-prime-slider-previous\" href=\"#\" bdt-slideshow-item=\"previous\"><i class=\"ps-wi-arrow-left-5\"><\/i><\/a>\n\n                        <a class=\"bdt-prime-slider-next\" href=\"#\" bdt-slideshow-item=\"next\"><i class=\"ps-wi-arrow-right-5\"><\/i><\/a>\n                    <\/div>\n                <\/div>\n\n\n            \n        \t\t\t\t\t\n            \n                <ul class=\"bdt-slideshow-nav bdt-dotnav bdt-dotnav-vertical reveal-muted\"><\/ul>\n\n            \n        \n\t\t\t\t<\/div>\n\t\t\t\t\t\t\t<\/div>\n\t\t\t<\/div>\n\t\t\t\t\t\t<\/div>\n\t\t\t\t<\/div>\n\t\t\t\t\t<\/div>\n\t\t\t\t<\/div>\n\t\t<div class=\"elementor-element elementor-element-ecd8210 e-flex e-con-boxed e-con e-parent\" data-id=\"ecd8210\" data-element_type=\"container\">\n\t\t\t\t\t<div class=\"e-con-inner\">\n\t\t\t\t\t<\/div>\n\t\t\t\t<\/div>\n\t\t\t\t<\/div>\n\t\t","protected":false},"excerpt":{"rendered":"<p>Committed to excellence in order to create value for our stakeholders ABOUT US OUR BRANDS REPUTATION &#038; SUSTAINABILITY CASE STUDIES AWARDS &#038; RECOGNITIONS Our reputation reinforces our core values and strengthens our leadership in the hospitality industry. Agoda MerPerle Dalat Hotel vinh d\u1ef1 \u0111\u01b0\u1ee3c Agoda trao t\u1eb7ng gi\u1ea3i th\u01b0\u1edfng Customer Review Award v\u1edbi s\u1ed1 \u0111i\u1ec3m [&hellip;]<\/p>\n","protected":false},"author":1,"featured_media":0,"parent":0,"menu_order":0,"comment_status":"closed","ping_status":"closed","template":"elementor_header_footer","meta":{"footnotes":""},"class_list":["post-34565","page","type-page","status-publish","hentry"],"acf":[],"yoast_head":"<!-- This site is optimized with the Yoast SEO Premium plugin v20.5 (Yoast SEO v20.5) - https:\/\/yoast.com\/wordpress\/plugins\/seo\/ -->\n<title>AWARDS &amp; RECOGNITIONS - MerPerle Dalat Hotel<\/title>\n<meta name=\"robots\" content=\"index, follow, max-snippet:-1, max-image-preview:large, max-video-preview:-1\" \/>\n<link rel=\"canonical\" href=\"https:\/\/merperledalat.vn\/awards-recognitions\/\" \/>\n<meta property=\"og:locale\" content=\"en_US\" \/>\n<meta property=\"og:type\" content=\"article\" \/>\n<meta property=\"og:title\" content=\"AWARDS &amp; RECOGNITIONS\" \/>\n<meta property=\"og:description\" content=\"Committed to excellence in order to create value for our stakeholders ABOUT US OUR BRANDS REPUTATION &#038; SUSTAINABILITY CASE STUDIES AWARDS &#038; RECOGNITIONS Our reputation reinforces our core values and strengthens our leadership in the hospitality industry. Agoda MerPerle Dalat Hotel vinh d\u1ef1 \u0111\u01b0\u1ee3c Agoda trao t\u1eb7ng gi\u1ea3i th\u01b0\u1edfng Customer Review Award v\u1edbi s\u1ed1 \u0111i\u1ec3m [&hellip;]\" \/>\n<meta property=\"og:url\" content=\"https:\/\/merperledalat.vn\/awards-recognitions\/\" \/>\n<meta property=\"og:site_name\" content=\"MerPerle Dalat Hotel\" \/>\n<meta property=\"article:modified_time\" content=\"2025-05-13T08:23:38+00:00\" \/>\n<meta property=\"og:image\" content=\"https:\/\/merperledalat.vn\/wp-content\/uploads\/2025\/05\/Agoda-scaled.jpg\" \/>\n<meta name=\"twitter:card\" content=\"summary_large_image\" \/>\n<meta name=\"twitter:label1\" content=\"Est. reading time\" \/>\n\t<meta name=\"twitter:data1\" content=\"2 minutes\" \/>\n<script type=\"application\/ld+json\" class=\"yoast-schema-graph\">{\"@context\":\"https:\/\/schema.org\",\"@graph\":[{\"@type\":\"WebPage\",\"@id\":\"https:\/\/merperledalat.vn\/awards-recognitions\/\",\"url\":\"https:\/\/merperledalat.vn\/awards-recognitions\/\",\"name\":\"AWARDS & RECOGNITIONS - MerPerle Dalat Hotel\",\"isPartOf\":{\"@id\":\"https:\/\/merperledalat.vn\/#website\"},\"datePublished\":\"2025-05-13T08:23:34+00:00\",\"dateModified\":\"2025-05-13T08:23:38+00:00\",\"breadcrumb\":{\"@id\":\"https:\/\/merperledalat.vn\/awards-recognitions\/#breadcrumb\"},\"inLanguage\":\"en-US\",\"potentialAction\":[{\"@type\":\"ReadAction\",\"target\":[\"https:\/\/merperledalat.vn\/awards-recognitions\/\"]}]},{\"@type\":\"BreadcrumbList\",\"@id\":\"https:\/\/merperledalat.vn\/awards-recognitions\/#breadcrumb\",\"itemListElement\":[{\"@type\":\"ListItem\",\"position\":1,\"name\":\"Home\",\"item\":\"https:\/\/merperledalat.vn\/en\/\"},{\"@type\":\"ListItem\",\"position\":2,\"name\":\"AWARDS &#038; RECOGNITIONS\"}]},{\"@type\":\"WebSite\",\"@id\":\"https:\/\/merperledalat.vn\/#website\",\"url\":\"https:\/\/merperledalat.vn\/\",\"name\":\"MerPerle Dalat Hotel\",\"description\":\"\",\"potentialAction\":[{\"@type\":\"SearchAction\",\"target\":{\"@type\":\"EntryPoint\",\"urlTemplate\":\"https:\/\/merperledalat.vn\/?s={search_term_string}\"},\"query-input\":\"required name=search_term_string\"}],\"inLanguage\":\"en-US\"}]}<\/script>\n<!-- \/ Yoast SEO Premium plugin. -->","yoast_head_json":{"title":"AWARDS & RECOGNITIONS - MerPerle Dalat Hotel","robots":{"index":"index","follow":"follow","max-snippet":"max-snippet:-1","max-image-preview":"max-image-preview:large","max-video-preview":"max-video-preview:-1"},"canonical":"https:\/\/merperledalat.vn\/awards-recognitions\/","og_locale":"en_US","og_type":"article","og_title":"AWARDS & RECOGNITIONS","og_description":"Committed to excellence in order to create value for our stakeholders ABOUT US OUR BRANDS REPUTATION &#038; SUSTAINABILITY CASE STUDIES AWARDS &#038; RECOGNITIONS Our reputation reinforces our core values and strengthens our leadership in the hospitality industry. Agoda MerPerle Dalat Hotel vinh d\u1ef1 \u0111\u01b0\u1ee3c Agoda trao t\u1eb7ng gi\u1ea3i th\u01b0\u1edfng Customer Review Award v\u1edbi s\u1ed1 \u0111i\u1ec3m [&hellip;]","og_url":"https:\/\/merperledalat.vn\/awards-recognitions\/","og_site_name":"MerPerle Dalat Hotel","article_modified_time":"2025-05-13T08:23:38+00:00","og_image":[{"url":"https:\/\/merperledalat.vn\/wp-content\/uploads\/2025\/05\/Agoda-scaled.jpg"}],"twitter_card":"summary_large_image","twitter_misc":{"Est. reading time":"2 minutes"},"schema":{"@context":"https:\/\/schema.org","@graph":[{"@type":"WebPage","@id":"https:\/\/merperledalat.vn\/awards-recognitions\/","url":"https:\/\/merperledalat.vn\/awards-recognitions\/","name":"AWARDS & RECOGNITIONS - MerPerle Dalat Hotel","isPartOf":{"@id":"https:\/\/merperledalat.vn\/#website"},"datePublished":"2025-05-13T08:23:34+00:00","dateModified":"2025-05-13T08:23:38+00:00","breadcrumb":{"@id":"https:\/\/merperledalat.vn\/awards-recognitions\/#breadcrumb"},"inLanguage":"en-US","potentialAction":[{"@type":"ReadAction","target":["https:\/\/merperledalat.vn\/awards-recognitions\/"]}]},{"@type":"BreadcrumbList","@id":"https:\/\/merperledalat.vn\/awards-recognitions\/#breadcrumb","itemListElement":[{"@type":"ListItem","position":1,"name":"Home","item":"https:\/\/merperledalat.vn\/en\/"},{"@type":"ListItem","position":2,"name":"AWARDS &#038; RECOGNITIONS"}]},{"@type":"WebSite","@id":"https:\/\/merperledalat.vn\/#website","url":"https:\/\/merperledalat.vn\/","name":"MerPerle Dalat Hotel","description":"","potentialAction":[{"@type":"SearchAction","target":{"@type":"EntryPoint","urlTemplate":"https:\/\/merperledalat.vn\/?s={search_term_string}"},"query-input":"required name=search_term_string"}],"inLanguage":"en-US"}]}},"_links":{"self":[{"href":"https:\/\/merperledalat.vn\/en\/wp-json\/wp\/v2\/pages\/34565","targetHints":{"allow":["GET"]}}],"collection":[{"href":"https:\/\/merperledalat.vn\/en\/wp-json\/wp\/v2\/pages"}],"about":[{"href":"https:\/\/merperledalat.vn\/en\/wp-json\/wp\/v2\/types\/page"}],"author":[{"embeddable":true,"href":"https:\/\/merperledalat.vn\/en\/wp-json\/wp\/v2\/users\/1"}],"replies":[{"embeddable":true,"href":"https:\/\/merperledalat.vn\/en\/wp-json\/wp\/v2\/comments?post=34565"}],"version-history":[{"count":1,"href":"https:\/\/merperledalat.vn\/en\/wp-json\/wp\/v2\/pages\/34565\/revisions"}],"predecessor-version":[{"id":34566,"href":"https:\/\/merperledalat.vn\/en\/wp-json\/wp\/v2\/pages\/34565\/revisions\/34566"}],"wp:attachment":[{"href":"https:\/\/merperledalat.vn\/en\/wp-json\/wp\/v2\/media?parent=34565"}],"curies":[{"name":"wp","href":"https:\/\/api.w.org\/{rel}","templated":true}]}}